{"id":574,"date":"2023-06-11T08:30:12","date_gmt":"2023-06-11T08:30:12","guid":{"rendered":"http:\/\/embotitsdoix.com\/?post_type=product&#038;p=574"},"modified":"2023-07-21T08:56:39","modified_gmt":"2023-07-21T08:56:39","slug":"lot-degustacio","status":"publish","type":"product","link":"https:\/\/embotitsdoix.com\/?product=lot-degustacio","title":{"rendered":"Lot degustaci\u00f3"},"content":{"rendered":"<p><strong>LOT:<br \/>\n<\/strong>En aquest lot degustaci\u00f3 hi podr\u00e0s trobar;<br \/>\n1 Fuet<br \/>\n1\u00a0Llonganissa<br \/>\n1 Xori\u00e7<br \/>\n1 Botifarra d&#8217;ou<br \/>\n1 Botifarra negra<br \/>\n1 Tall de panxeta<\/p>\n<p>&nbsp;<\/p>\n<p><strong>AL\u00b7L\u00c8RGENS:<\/strong><br \/>\n1 Fuet &#8211; Cont\u00e9 sulfits<br \/>\n1 Llonganissa &#8211; Cont\u00e9 sulfits<br \/>\n1 Xori\u00e7 &#8211; No cont\u00e9\u00a0al\u00b7l\u00e8rgens<br \/>\n1 Botifarra d&#8217;ou &#8211; Cont\u00e9 ou<br \/>\n1 Botifarra negra &#8211; No cont\u00e9\u00a0al\u00b7l\u00e8rgens<br \/>\n1 Tall de\u00a0<span class=\"hiddenGrammarError\" style=\"padding-bottom: 2px; background-image: url('..\/..\/..\/..\/..\/images\/squiggle.png'); background-repeat: repeat-x; background-position: left bottom; cursor: default; color: #000000; font-family: 'Open Sans', Helvetica, Arial, sans-serif; font-size: 16px; font-style: normal; font-variant-ligatures: normal; font-variant-caps: normal; font-weight: 300; letter-spacing: normal; orphans: 2; text-align: start; text-indent: 0px; text-transform: none; widows: 2; word-spacing: 0px; -webkit-text-stroke-width: 0px; white-space: normal; text-decoration-thickness: initial; text-decoration-style: initial; text-decoration-color: initial;\">panxeta<\/span>\u00a0&#8211; No cont\u00e9\u00a0al\u00b7l\u00e8rgens<\/p>\n<p><strong>CONSERVACI\u00d3:<\/strong><br \/>\nMantenir en un lloc fresc i sec<\/p>\n","protected":false},"excerpt":{"rendered":"<p>LOT: En aquest lot degustaci\u00f3 hi podr\u00e0s trobar; 1 Fuet 1\u00a0Llonganissa 1 Xori\u00e7 1 Botifarra d&#8217;ou 1 Botifarra negra 1 Tall de panxeta &nbsp; AL\u00b7L\u00c8RGENS: 1 Fuet &#8211; Cont\u00e9 sulfits 1 Llonganissa &#8211; Cont\u00e9 sulfits 1 Xori\u00e7 &#8211; No cont\u00e9\u00a0al\u00b7l\u00e8rgens 1 Botifarra d&#8217;ou &#8211; Cont\u00e9 ou 1 Botifarra negra &#8211; No cont\u00e9\u00a0al\u00b7l\u00e8rgens 1 Tall de\u00a0panxeta\u00a0&#8211; [&hellip;]<\/p>\n","protected":false},"featured_media":575,"comment_status":"open","ping_status":"closed","template":"","meta":[],"product_brand":[],"product_cat":[37],"product_tag":[],"class_list":{"0":"post-574","1":"product","2":"type-product","3":"status-publish","4":"has-post-thumbnail","6":"product_cat-degustacio","8":"first","9":"instock","10":"taxable","11":"shipping-taxable","12":"purchasable","13":"product-type-simple"},"yoast_head":"<!-- This site is optimized with the Yoast SEO plugin v25.4 - https:\/\/yoast.com\/wordpress\/plugins\/seo\/ -->\n<title>Lot degustaci\u00f3 - Embotitsdoix<\/title>\n<meta name=\"robots\" content=\"index, follow, max-snippet:-1, max-image-preview:large, max-video-preview:-1\" \/>\n<link rel=\"canonical\" href=\"https:\/\/embotitsdoix.com\/?product=lot-degustacio\" \/>\n<meta property=\"og:locale\" content=\"ca_ES\" \/>\n<meta property=\"og:type\" content=\"article\" \/>\n<meta property=\"og:title\" content=\"Lot degustaci\u00f3 - Embotitsdoix\" \/>\n<meta property=\"og:description\" content=\"LOT: En aquest lot degustaci\u00f3 hi podr\u00e0s trobar; 1 Fuet 1\u00a0Llonganissa 1 Xori\u00e7 1 Botifarra d&#8217;ou 1 Botifarra negra 1 Tall de panxeta &nbsp; AL\u00b7L\u00c8RGENS: 1 Fuet &#8211; Cont\u00e9 sulfits 1 Llonganissa &#8211; Cont\u00e9 sulfits 1 Xori\u00e7 &#8211; No cont\u00e9\u00a0al\u00b7l\u00e8rgens 1 Botifarra d&#8217;ou &#8211; Cont\u00e9 ou 1 Botifarra negra &#8211; No cont\u00e9\u00a0al\u00b7l\u00e8rgens 1 Tall de\u00a0panxeta\u00a0&#8211; [&hellip;]\" \/>\n<meta property=\"og:url\" content=\"https:\/\/embotitsdoix.com\/?product=lot-degustacio\" \/>\n<meta property=\"og:site_name\" content=\"Embotitsdoix\" \/>\n<meta property=\"article:modified_time\" content=\"2023-07-21T08:56:39+00:00\" \/>\n<meta property=\"og:image\" content=\"https:\/\/embotitsdoix.com\/wp-content\/uploads\/2023\/07\/IMG_0491-scaled.jpg\" \/>\n\t<meta property=\"og:image:width\" content=\"2560\" \/>\n\t<meta property=\"og:image:height\" content=\"1707\" \/>\n\t<meta property=\"og:image:type\" content=\"image\/jpeg\" \/>\n<meta name=\"twitter:card\" content=\"summary_large_image\" \/>\n<meta name=\"twitter:label1\" content=\"Temps estimat de lectura\" \/>\n\t<meta name=\"twitter:data1\" content=\"1 minut\" \/>\n<script type=\"application\/ld+json\" class=\"yoast-schema-graph\">{\"@context\":\"https:\/\/schema.org\",\"@graph\":[{\"@type\":\"WebPage\",\"@id\":\"https:\/\/embotitsdoix.com\/?product=lot-degustacio\",\"url\":\"https:\/\/embotitsdoix.com\/?product=lot-degustacio\",\"name\":\"Lot degustaci\u00f3 - Embotitsdoix\",\"isPartOf\":{\"@id\":\"https:\/\/embotitsdoix.com\/#website\"},\"primaryImageOfPage\":{\"@id\":\"https:\/\/embotitsdoix.com\/?product=lot-degustacio#primaryimage\"},\"image\":{\"@id\":\"https:\/\/embotitsdoix.com\/?product=lot-degustacio#primaryimage\"},\"thumbnailUrl\":\"https:\/\/embotitsdoix.com\/wp-content\/uploads\/2023\/07\/IMG_0491-scaled.jpg\",\"datePublished\":\"2023-06-11T08:30:12+00:00\",\"dateModified\":\"2023-07-21T08:56:39+00:00\",\"breadcrumb\":{\"@id\":\"https:\/\/embotitsdoix.com\/?product=lot-degustacio#breadcrumb\"},\"inLanguage\":\"ca\",\"potentialAction\":[{\"@type\":\"ReadAction\",\"target\":[\"https:\/\/embotitsdoix.com\/?product=lot-degustacio\"]}]},{\"@type\":\"ImageObject\",\"inLanguage\":\"ca\",\"@id\":\"https:\/\/embotitsdoix.com\/?product=lot-degustacio#primaryimage\",\"url\":\"https:\/\/embotitsdoix.com\/wp-content\/uploads\/2023\/07\/IMG_0491-scaled.jpg\",\"contentUrl\":\"https:\/\/embotitsdoix.com\/wp-content\/uploads\/2023\/07\/IMG_0491-scaled.jpg\",\"width\":2560,\"height\":1707},{\"@type\":\"BreadcrumbList\",\"@id\":\"https:\/\/embotitsdoix.com\/?product=lot-degustacio#breadcrumb\",\"itemListElement\":[{\"@type\":\"ListItem\",\"position\":1,\"name\":\"Home\",\"item\":\"https:\/\/embotitsdoix.com\/\"},{\"@type\":\"ListItem\",\"position\":2,\"name\":\"Shop\",\"item\":\"https:\/\/embotitsdoix.com\/?page_id=5\"},{\"@type\":\"ListItem\",\"position\":3,\"name\":\"Lot degustaci\u00f3\"}]},{\"@type\":\"WebSite\",\"@id\":\"https:\/\/embotitsdoix.com\/#website\",\"url\":\"https:\/\/embotitsdoix.com\/\",\"name\":\"Embotitsdoix\",\"description\":\"Artesans de la Garrotxa\",\"publisher\":{\"@id\":\"https:\/\/embotitsdoix.com\/#organization\"},\"potentialAction\":[{\"@type\":\"SearchAction\",\"target\":{\"@type\":\"EntryPoint\",\"urlTemplate\":\"https:\/\/embotitsdoix.com\/?s={search_term_string}\"},\"query-input\":{\"@type\":\"PropertyValueSpecification\",\"valueRequired\":true,\"valueName\":\"search_term_string\"}}],\"inLanguage\":\"ca\"},{\"@type\":\"Organization\",\"@id\":\"https:\/\/embotitsdoix.com\/#organization\",\"name\":\"Embotitsdoix\",\"url\":\"https:\/\/embotitsdoix.com\/\",\"logo\":{\"@type\":\"ImageObject\",\"inLanguage\":\"ca\",\"@id\":\"https:\/\/embotitsdoix.com\/#\/schema\/logo\/image\/\",\"url\":\"https:\/\/embotitsdoix.com\/wp-content\/uploads\/2023\/06\/Marca-Embotits-dOix-blanc.png\",\"contentUrl\":\"https:\/\/embotitsdoix.com\/wp-content\/uploads\/2023\/06\/Marca-Embotits-dOix-blanc.png\",\"width\":508,\"height\":145,\"caption\":\"Embotitsdoix\"},\"image\":{\"@id\":\"https:\/\/embotitsdoix.com\/#\/schema\/logo\/image\/\"}}]}<\/script>\n<!-- \/ Yoast SEO plugin. -->","yoast_head_json":{"title":"Lot degustaci\u00f3 - Embotitsdoix","robots":{"index":"index","follow":"follow","max-snippet":"max-snippet:-1","max-image-preview":"max-image-preview:large","max-video-preview":"max-video-preview:-1"},"canonical":"https:\/\/embotitsdoix.com\/?product=lot-degustacio","og_locale":"ca_ES","og_type":"article","og_title":"Lot degustaci\u00f3 - Embotitsdoix","og_description":"LOT: En aquest lot degustaci\u00f3 hi podr\u00e0s trobar; 1 Fuet 1\u00a0Llonganissa 1 Xori\u00e7 1 Botifarra d&#8217;ou 1 Botifarra negra 1 Tall de panxeta &nbsp; AL\u00b7L\u00c8RGENS: 1 Fuet &#8211; Cont\u00e9 sulfits 1 Llonganissa &#8211; Cont\u00e9 sulfits 1 Xori\u00e7 &#8211; No cont\u00e9\u00a0al\u00b7l\u00e8rgens 1 Botifarra d&#8217;ou &#8211; Cont\u00e9 ou 1 Botifarra negra &#8211; No cont\u00e9\u00a0al\u00b7l\u00e8rgens 1 Tall de\u00a0panxeta\u00a0&#8211; [&hellip;]","og_url":"https:\/\/embotitsdoix.com\/?product=lot-degustacio","og_site_name":"Embotitsdoix","article_modified_time":"2023-07-21T08:56:39+00:00","og_image":[{"width":2560,"height":1707,"url":"https:\/\/embotitsdoix.com\/wp-content\/uploads\/2023\/07\/IMG_0491-scaled.jpg","type":"image\/jpeg"}],"twitter_card":"summary_large_image","twitter_misc":{"Temps estimat de lectura":"1 minut"},"schema":{"@context":"https:\/\/schema.org","@graph":[{"@type":"WebPage","@id":"https:\/\/embotitsdoix.com\/?product=lot-degustacio","url":"https:\/\/embotitsdoix.com\/?product=lot-degustacio","name":"Lot degustaci\u00f3 - Embotitsdoix","isPartOf":{"@id":"https:\/\/embotitsdoix.com\/#website"},"primaryImageOfPage":{"@id":"https:\/\/embotitsdoix.com\/?product=lot-degustacio#primaryimage"},"image":{"@id":"https:\/\/embotitsdoix.com\/?product=lot-degustacio#primaryimage"},"thumbnailUrl":"https:\/\/embotitsdoix.com\/wp-content\/uploads\/2023\/07\/IMG_0491-scaled.jpg","datePublished":"2023-06-11T08:30:12+00:00","dateModified":"2023-07-21T08:56:39+00:00","breadcrumb":{"@id":"https:\/\/embotitsdoix.com\/?product=lot-degustacio#breadcrumb"},"inLanguage":"ca","potentialAction":[{"@type":"ReadAction","target":["https:\/\/embotitsdoix.com\/?product=lot-degustacio"]}]},{"@type":"ImageObject","inLanguage":"ca","@id":"https:\/\/embotitsdoix.com\/?product=lot-degustacio#primaryimage","url":"https:\/\/embotitsdoix.com\/wp-content\/uploads\/2023\/07\/IMG_0491-scaled.jpg","contentUrl":"https:\/\/embotitsdoix.com\/wp-content\/uploads\/2023\/07\/IMG_0491-scaled.jpg","width":2560,"height":1707},{"@type":"BreadcrumbList","@id":"https:\/\/embotitsdoix.com\/?product=lot-degustacio#breadcrumb","itemListElement":[{"@type":"ListItem","position":1,"name":"Home","item":"https:\/\/embotitsdoix.com\/"},{"@type":"ListItem","position":2,"name":"Shop","item":"https:\/\/embotitsdoix.com\/?page_id=5"},{"@type":"ListItem","position":3,"name":"Lot degustaci\u00f3"}]},{"@type":"WebSite","@id":"https:\/\/embotitsdoix.com\/#website","url":"https:\/\/embotitsdoix.com\/","name":"Embotitsdoix","description":"Artesans de la Garrotxa","publisher":{"@id":"https:\/\/embotitsdoix.com\/#organization"},"potentialAction":[{"@type":"SearchAction","target":{"@type":"EntryPoint","urlTemplate":"https:\/\/embotitsdoix.com\/?s={search_term_string}"},"query-input":{"@type":"PropertyValueSpecification","valueRequired":true,"valueName":"search_term_string"}}],"inLanguage":"ca"},{"@type":"Organization","@id":"https:\/\/embotitsdoix.com\/#organization","name":"Embotitsdoix","url":"https:\/\/embotitsdoix.com\/","logo":{"@type":"ImageObject","inLanguage":"ca","@id":"https:\/\/embotitsdoix.com\/#\/schema\/logo\/image\/","url":"https:\/\/embotitsdoix.com\/wp-content\/uploads\/2023\/06\/Marca-Embotits-dOix-blanc.png","contentUrl":"https:\/\/embotitsdoix.com\/wp-content\/uploads\/2023\/06\/Marca-Embotits-dOix-blanc.png","width":508,"height":145,"caption":"Embotitsdoix"},"image":{"@id":"https:\/\/embotitsdoix.com\/#\/schema\/logo\/image\/"}}]}},"jetpack_sharing_enabled":true,"_links":{"self":[{"href":"https:\/\/embotitsdoix.com\/index.php?rest_route=\/wp\/v2\/product\/574","targetHints":{"allow":["GET"]}}],"collection":[{"href":"https:\/\/embotitsdoix.com\/index.php?rest_route=\/wp\/v2\/product"}],"about":[{"href":"https:\/\/embotitsdoix.com\/index.php?rest_route=\/wp\/v2\/types\/product"}],"replies":[{"embeddable":true,"href":"https:\/\/embotitsdoix.com\/index.php?rest_route=%2Fwp%2Fv2%2Fcomments&post=574"}],"version-history":[{"count":8,"href":"https:\/\/embotitsdoix.com\/index.php?rest_route=\/wp\/v2\/product\/574\/revisions"}],"predecessor-version":[{"id":580,"href":"https:\/\/embotitsdoix.com\/index.php?rest_route=\/wp\/v2\/product\/574\/revisions\/580"}],"wp:featuredmedia":[{"embeddable":true,"href":"https:\/\/embotitsdoix.com\/index.php?rest_route=\/wp\/v2\/media\/575"}],"wp:attachment":[{"href":"https:\/\/embotitsdoix.com\/index.php?rest_route=%2Fwp%2Fv2%2Fmedia&parent=574"}],"wp:term":[{"taxonomy":"product_brand","embeddable":true,"href":"https:\/\/embotitsdoix.com\/index.php?rest_route=%2Fwp%2Fv2%2Fproduct_brand&post=574"},{"taxonomy":"product_cat","embeddable":true,"href":"https:\/\/embotitsdoix.com\/index.php?rest_route=%2Fwp%2Fv2%2Fproduct_cat&post=574"},{"taxonomy":"product_tag","embeddable":true,"href":"https:\/\/embotitsdoix.com\/index.php?rest_route=%2Fwp%2Fv2%2Fproduct_tag&post=574"}],"curies":[{"name":"wp","href":"https:\/\/api.w.org\/{rel}","templated":true}]}}